{"id":207,"date":"2024-12-04T16:44:10","date_gmt":"2024-12-04T15:44:10","guid":{"rendered":"https:\/\/heat.forskning.eu\/?page_id=207"},"modified":"2025-05-16T12:29:00","modified_gmt":"2025-05-16T11:29:00","slug":"nachrichten-und-artikel","status":"publish","type":"page","link":"https:\/\/heat.forskning.eu\/de\/nachrichten-und-artikel\/","title":{"rendered":"Nachrichten und Artikel"},"content":{"rendered":"<link rel=\"stylesheet\" type=\"text\/css\" href=\"https:\/\/heat.forskning.eu\/wp-content\/themes\/oak-theme\/dist\/template-parts\/blocks\/subsite-hero-page\/subsite-hero-page.css\">\n\t<section class=\"block block--subsite-hero-page spacing--none\">\n\t\t<div  class=\"subsite-hero-page\">\n\t\t\t\t<div class=\"subsite-hero-page__bg\">\n\t\t\t\t\t<img decoding=\"async\" src=\"https:\/\/heat.forskning.eu\/wp-content\/themes\/oak-theme\/assets\/images\/placeholder.png\" data-src=\"https:\/\/heat.forskning.eu\/wp-content\/uploads\/sites\/14\/2024\/12\/NewsAEldre_1MB-1024x683.jpg\" data-srcset=\"https:\/\/heat.forskning.eu\/wp-content\/uploads\/sites\/14\/2024\/12\/NewsAEldre_1MB-1024x683.jpg 1024w, https:\/\/heat.forskning.eu\/wp-content\/uploads\/sites\/14\/2024\/12\/NewsAEldre_1MB-300x200.jpg 300w, https:\/\/heat.forskning.eu\/wp-content\/uploads\/sites\/14\/2024\/12\/NewsAEldre_1MB-768x512.jpg 768w, https:\/\/heat.forskning.eu\/wp-content\/uploads\/sites\/14\/2024\/12\/NewsAEldre_1MB-1536x1025.jpg 1536w, https:\/\/heat.forskning.eu\/wp-content\/uploads\/sites\/14\/2024\/12\/NewsAEldre_1MB-2048x1366.jpg 2048w\" sizes=\"(max-width: 100vw) 2000px, 2000px\" data-loading=\"lazy\" alt=\"\" \/>\n\t\t\t<\/div>\n\t<div class=\"subsite-hero-page__container\">\n\t\t<div class=\"grid\">\n\t\t\t<div class=\"col-md-8 col-xl-5 offset-xl-1\">\n\t\t\t\t<h1 class=\"subsite-hero-page__title\">\n\t\t\t\t\tNachrichten und Artikel\n\t\t\t\t<\/h1>\n\t\t\t<\/div>\n\n\t\t\t<div class=\"col-md-8 col-xl-5 offset-xl-1\">\n\t\t\t\t<p class=\"subsite-hero-page__excerpt\">\n\t\t\t\t\t\n\t\t\t\t<\/p>\n\t\t\t<\/div>\n\n\t\t\t\t\t<\/div>\n\t<\/div>\n\t\t<\/div>\n\t<\/section>\n\n\n<link rel=\"stylesheet\" type=\"text\/css\" href=\"https:\/\/heat.forskning.eu\/wp-content\/themes\/oak-theme\/dist\/template-parts\/blocks\/simple-archive\/simple-archive.css\">\n\t<section class=\"block block--simple-archive spacing--none\">\n\t\t<div  class=\"simple-archive\">\n\t\t\t\t<div class=\"grid\">\n\t\t<div class=\"col-12 col-lg-10 offset-lg-1\">\n\t\t\t<div class=\"simple-archive--posts\">\n\t\t\t\t\t\t\t\t\t<div class=\"archive-post\">\n\t\t\t\t\t\t<a href=\"https:\/\/heat.forskning.eu\/de\/quality-of-life-after-breast-conserving-surgery\/\">\n\t\t\t\t\t\t\t<div class=\"obj-fit archive-post-image\">\n\t\t\t\t\t\t\t\t<img decoding=\"async\" src=\"https:\/\/heat.forskning.eu\/wp-content\/uploads\/sites\/14\/2026\/04\/GA_2025_Roskilde_web-scaled.jpg\" \/>\n\t\t\t\t\t\t\t<\/div>\n\t\t\t\t\t\t\t<div class=\"archive-post-text\">\n\t\t\t\t\t\t\t\t<span class=\"title\">Quality of life after breast-conserving surgery<\/span>\n\t\t\t\t\t\t\t\t<div class=\"excerpt\">\n\t\t\t\t\t\t\t\t\t<span class=\"ellipsis\">\n\t\t\t\t\t\t\t\t\t\t\n\t\t\t\t\t\t\t\t\t<\/span>\n\t\t\t\t\t\t\t\t<\/div>\n\t\t\t\t\t\t\t<\/div>\n\t\t\t\t\t\t<\/a>\n\t\t\t\t\t<\/div>\n\t\t\t\t\t\t\t\t\t<div class=\"archive-post\">\n\t\t\t\t\t\t<a href=\"https:\/\/heat.forskning.eu\/de\/erstellung-eines-aktionsplans\/\">\n\t\t\t\t\t\t\t<div class=\"obj-fit archive-post-image\">\n\t\t\t\t\t\t\t\t<img decoding=\"async\" src=\"https:\/\/heat.forskning.eu\/wp-content\/uploads\/sites\/14\/2026\/04\/Maja_260323.jpg\" \/>\n\t\t\t\t\t\t\t<\/div>\n\t\t\t\t\t\t\t<div class=\"archive-post-text\">\n\t\t\t\t\t\t\t\t<span class=\"title\">Erstellung eines Aktionsplans<\/span>\n\t\t\t\t\t\t\t\t<div class=\"excerpt\">\n\t\t\t\t\t\t\t\t\t<span class=\"ellipsis\">\n\t\t\t\t\t\t\t\t\t\t\n\t\t\t\t\t\t\t\t\t<\/span>\n\t\t\t\t\t\t\t\t<\/div>\n\t\t\t\t\t\t\t<\/div>\n\t\t\t\t\t\t<\/a>\n\t\t\t\t\t<\/div>\n\t\t\t\t\t\t\t\t\t<div class=\"archive-post\">\n\t\t\t\t\t\t<a href=\"https:\/\/heat.forskning.eu\/de\/neuropathy-tracker-reist-nach-luebeck\/\">\n\t\t\t\t\t\t\t<div class=\"obj-fit archive-post-image\">\n\t\t\t\t\t\t\t\t<img decoding=\"async\" src=\"https:\/\/heat.forskning.eu\/wp-content\/uploads\/sites\/14\/2026\/03\/Martin-i-Lubeck-2025.jpg\" \/>\n\t\t\t\t\t\t\t<\/div>\n\t\t\t\t\t\t\t<div class=\"archive-post-text\">\n\t\t\t\t\t\t\t\t<span class=\"title\">Neuropathy Tracker reist nach L\u00fcbeck<\/span>\n\t\t\t\t\t\t\t\t<div class=\"excerpt\">\n\t\t\t\t\t\t\t\t\t<span class=\"ellipsis\">\n\t\t\t\t\t\t\t\t\t\t\n\t\t\t\t\t\t\t\t\t<\/span>\n\t\t\t\t\t\t\t\t<\/div>\n\t\t\t\t\t\t\t<\/div>\n\t\t\t\t\t\t<\/a>\n\t\t\t\t\t<\/div>\n\t\t\t\t\t\t\t\t\t<div class=\"archive-post\">\n\t\t\t\t\t\t<a href=\"https:\/\/heat.forskning.eu\/de\/heat-baut-bruecken\/\">\n\t\t\t\t\t\t\t<div class=\"obj-fit archive-post-image\">\n\t\t\t\t\t\t\t\t<img decoding=\"async\" src=\"https:\/\/heat.forskning.eu\/wp-content\/uploads\/sites\/14\/2026\/01\/Brystkraeft-grafik.png\" \/>\n\t\t\t\t\t\t\t<\/div>\n\t\t\t\t\t\t\t<div class=\"archive-post-text\">\n\t\t\t\t\t\t\t\t<span class=\"title\">HeAT baut Br\u00fccken<\/span>\n\t\t\t\t\t\t\t\t<div class=\"excerpt\">\n\t\t\t\t\t\t\t\t\t<span class=\"ellipsis\">\n\t\t\t\t\t\t\t\t\t\t\n\t\t\t\t\t\t\t\t\t<\/span>\n\t\t\t\t\t\t\t\t<\/div>\n\t\t\t\t\t\t\t<\/div>\n\t\t\t\t\t\t<\/a>\n\t\t\t\t\t<\/div>\n\t\t\t\t\t\t\t\t\t<div class=\"archive-post\">\n\t\t\t\t\t\t<a href=\"https:\/\/heat.forskning.eu\/de\/einbeziehung-von-patienten-in-die-klinischen-studien\/\">\n\t\t\t\t\t\t\t<div class=\"obj-fit archive-post-image\">\n\t\t\t\t\t\t\t\t<img decoding=\"async\" src=\"https:\/\/heat.forskning.eu\/wp-content\/uploads\/sites\/14\/2025\/07\/250619_Vejle_HeAT-studier_WEB-scaled-e1768832780103.jpg\" \/>\n\t\t\t\t\t\t\t<\/div>\n\t\t\t\t\t\t\t<div class=\"archive-post-text\">\n\t\t\t\t\t\t\t\t<span class=\"title\">Einbeziehung von Patienten in die klinischen Studien<\/span>\n\t\t\t\t\t\t\t\t<div class=\"excerpt\">\n\t\t\t\t\t\t\t\t\t<span class=\"ellipsis\">\n\t\t\t\t\t\t\t\t\t\t\n\t\t\t\t\t\t\t\t\t<\/span>\n\t\t\t\t\t\t\t\t<\/div>\n\t\t\t\t\t\t\t<\/div>\n\t\t\t\t\t\t<\/a>\n\t\t\t\t\t<\/div>\n\t\t\t\t\t\t\t\t\t<div class=\"archive-post\">\n\t\t\t\t\t\t<a href=\"https:\/\/heat.forskning.eu\/de\/die-faeden-fuer-ein-teilziel-laufen-in-der-klinik-fuer-strahlentherapie-des-uksh-in-luebeck-zusammen-eine-halbzeitbilanz\/\">\n\t\t\t\t\t\t\t<div class=\"obj-fit archive-post-image\">\n\t\t\t\t\t\t\t\t<img decoding=\"async\" src=\"https:\/\/heat.forskning.eu\/wp-content\/uploads\/sites\/14\/2025\/11\/Lubeck-HeAT-Team-01a-scaled.jpg\" \/>\n\t\t\t\t\t\t\t<\/div>\n\t\t\t\t\t\t\t<div class=\"archive-post-text\">\n\t\t\t\t\t\t\t\t<span class=\"title\">Die F\u00e4den f\u00fcr ein Teilziel laufen in der Klinik f\u00fcr Strahlentherapie des UKSH in L\u00fcbeck zusammen \u2013 eine Halbzeitbilanz<\/span>\n\t\t\t\t\t\t\t\t<div class=\"excerpt\">\n\t\t\t\t\t\t\t\t\t<span class=\"ellipsis\">\n\t\t\t\t\t\t\t\t\t\t\n\t\t\t\t\t\t\t\t\t<\/span>\n\t\t\t\t\t\t\t\t<\/div>\n\t\t\t\t\t\t\t<\/div>\n\t\t\t\t\t\t<\/a>\n\t\t\t\t\t<\/div>\n\t\t\t\t\t\t\t\t\t<div class=\"archive-post\">\n\t\t\t\t\t\t<a href=\"https:\/\/heat.forskning.eu\/de\/workshop-zur-anleitung-der-reminder-app-fuer-die-studie-dai-breac\/\">\n\t\t\t\t\t\t\t<div class=\"obj-fit archive-post-image\">\n\t\t\t\t\t\t\t\t<img decoding=\"async\" src=\"https:\/\/heat.forskning.eu\/wp-content\/uploads\/sites\/14\/2025\/11\/HEAT-nyt-billede.jpg\" \/>\n\t\t\t\t\t\t\t<\/div>\n\t\t\t\t\t\t\t<div class=\"archive-post-text\">\n\t\t\t\t\t\t\t\t<span class=\"title\">Workshop zur Anleitung der Reminder-App f\u00fcr die Studie DAI-BREAC<\/span>\n\t\t\t\t\t\t\t\t<div class=\"excerpt\">\n\t\t\t\t\t\t\t\t\t<span class=\"ellipsis\">\n\t\t\t\t\t\t\t\t\t\t\n\t\t\t\t\t\t\t\t\t<\/span>\n\t\t\t\t\t\t\t\t<\/div>\n\t\t\t\t\t\t\t<\/div>\n\t\t\t\t\t\t<\/a>\n\t\t\t\t\t<\/div>\n\t\t\t\t\t\t\t\t\t<div class=\"archive-post\">\n\t\t\t\t\t\t<a href=\"https:\/\/heat.forskning.eu\/de\/reminder-app\/\">\n\t\t\t\t\t\t\t<div class=\"obj-fit archive-post-image\">\n\t\t\t\t\t\t\t\t<img decoding=\"async\" src=\"https:\/\/heat.forskning.eu\/wp-content\/uploads\/sites\/14\/2025\/11\/HEAT-web.webp\" \/>\n\t\t\t\t\t\t\t<\/div>\n\t\t\t\t\t\t\t<div class=\"archive-post-text\">\n\t\t\t\t\t\t\t\t<span class=\"title\">Reminder App<\/span>\n\t\t\t\t\t\t\t\t<div class=\"excerpt\">\n\t\t\t\t\t\t\t\t\t<span class=\"ellipsis\">\n\t\t\t\t\t\t\t\t\t\t\n\t\t\t\t\t\t\t\t\t<\/span>\n\t\t\t\t\t\t\t\t<\/div>\n\t\t\t\t\t\t\t<\/div>\n\t\t\t\t\t\t<\/a>\n\t\t\t\t\t<\/div>\n\t\t\t\t\t\t\t\t\t<div class=\"archive-post\">\n\t\t\t\t\t\t<a href=\"https:\/\/heat.forskning.eu\/de\/fehmarnbelt-days-im-juni-2025\/\">\n\t\t\t\t\t\t\t<div class=\"obj-fit archive-post-image\">\n\t\t\t\t\t\t\t\t<img decoding=\"async\" src=\"https:\/\/heat.forskning.eu\/wp-content\/uploads\/sites\/14\/2025\/07\/250614_Lubeck_FBDays_27_web-scaled.jpg\" \/>\n\t\t\t\t\t\t\t<\/div>\n\t\t\t\t\t\t\t<div class=\"archive-post-text\">\n\t\t\t\t\t\t\t\t<span class=\"title\">Fehmarnbelt Days im Juni 2025<\/span>\n\t\t\t\t\t\t\t\t<div class=\"excerpt\">\n\t\t\t\t\t\t\t\t\t<span class=\"ellipsis\">\n\t\t\t\t\t\t\t\t\t\t\n\t\t\t\t\t\t\t\t\t<\/span>\n\t\t\t\t\t\t\t\t<\/div>\n\t\t\t\t\t\t\t<\/div>\n\t\t\t\t\t\t<\/a>\n\t\t\t\t\t<\/div>\n\t\t\t\t\t\t\t\t\t<div class=\"archive-post\">\n\t\t\t\t\t\t<a href=\"https:\/\/heat.forskning.eu\/de\/vorbereitungen-fuer-die-heat-studien-in-vejle\/\">\n\t\t\t\t\t\t\t<div class=\"obj-fit archive-post-image\">\n\t\t\t\t\t\t\t\t<img decoding=\"async\" src=\"https:\/\/heat.forskning.eu\/wp-content\/uploads\/sites\/14\/2025\/07\/250619_Vejle_HeAT-studier_WEB-scaled-e1768832780103.jpg\" \/>\n\t\t\t\t\t\t\t<\/div>\n\t\t\t\t\t\t\t<div class=\"archive-post-text\">\n\t\t\t\t\t\t\t\t<span class=\"title\">Vorbereitungen f\u00fcr die HeAT-Studien in Vejle<\/span>\n\t\t\t\t\t\t\t\t<div class=\"excerpt\">\n\t\t\t\t\t\t\t\t\t<span class=\"ellipsis\">\n\t\t\t\t\t\t\t\t\t\t\n\t\t\t\t\t\t\t\t\t<\/span>\n\t\t\t\t\t\t\t\t<\/div>\n\t\t\t\t\t\t\t<\/div>\n\t\t\t\t\t\t<\/a>\n\t\t\t\t\t<\/div>\n\t\t\t\t\t\t\t\t\t<div class=\"archive-post\">\n\t\t\t\t\t\t<a href=\"https:\/\/heat.forskning.eu\/de\/projektmeeting-in-luebeck\/\">\n\t\t\t\t\t\t\t<div class=\"obj-fit archive-post-image\">\n\t\t\t\t\t\t\t\t<img decoding=\"async\" src=\"https:\/\/heat.forskning.eu\/wp-content\/uploads\/sites\/14\/2025\/07\/250606_Lubeck_SG3-meeting.jpg\" \/>\n\t\t\t\t\t\t\t<\/div>\n\t\t\t\t\t\t\t<div class=\"archive-post-text\">\n\t\t\t\t\t\t\t\t<span class=\"title\">Projektmeeting in L\u00fcbeck<\/span>\n\t\t\t\t\t\t\t\t<div class=\"excerpt\">\n\t\t\t\t\t\t\t\t\t<span class=\"ellipsis\">\n\t\t\t\t\t\t\t\t\t\t\n\t\t\t\t\t\t\t\t\t<\/span>\n\t\t\t\t\t\t\t\t<\/div>\n\t\t\t\t\t\t\t<\/div>\n\t\t\t\t\t\t<\/a>\n\t\t\t\t\t<\/div>\n\t\t\t\t\t\t\t\t\t<div class=\"archive-post\">\n\t\t\t\t\t\t<a href=\"https:\/\/heat.forskning.eu\/de\/fruehjahrstagung-der-dspr\/\">\n\t\t\t\t\t\t\t<div class=\"obj-fit archive-post-image\">\n\t\t\t\t\t\t\t\t<img decoding=\"async\" src=\"https:\/\/heat.forskning.eu\/wp-content\/uploads\/sites\/14\/2025\/05\/Skaermbillede-2025-04-07-kl.-09.49.22.png\" \/>\n\t\t\t\t\t\t\t<\/div>\n\t\t\t\t\t\t\t<div class=\"archive-post-text\">\n\t\t\t\t\t\t\t\t<span class=\"title\">Fr\u00fchjahrstagung der DSPR<\/span>\n\t\t\t\t\t\t\t\t<div class=\"excerpt\">\n\t\t\t\t\t\t\t\t\t<span class=\"ellipsis\">\n\t\t\t\t\t\t\t\t\t\t\n\t\t\t\t\t\t\t\t\t<\/span>\n\t\t\t\t\t\t\t\t<\/div>\n\t\t\t\t\t\t\t<\/div>\n\t\t\t\t\t\t<\/a>\n\t\t\t\t\t<\/div>\n\t\t\t\t\t\t\t\t\t<div class=\"archive-post\">\n\t\t\t\t\t\t<a href=\"https:\/\/heat.forskning.eu\/de\/projektpartner-tour\/\">\n\t\t\t\t\t\t\t<div class=\"obj-fit archive-post-image\">\n\t\t\t\t\t\t\t\t<img decoding=\"async\" src=\"https:\/\/heat.forskning.eu\/wp-content\/uploads\/sites\/14\/2025\/05\/IKE_Christiane-Ron_250218-scaled.jpg\" \/>\n\t\t\t\t\t\t\t<\/div>\n\t\t\t\t\t\t\t<div class=\"archive-post-text\">\n\t\t\t\t\t\t\t\t<span class=\"title\">Projektpartner-Tour<\/span>\n\t\t\t\t\t\t\t\t<div class=\"excerpt\">\n\t\t\t\t\t\t\t\t\t<span class=\"ellipsis\">\n\t\t\t\t\t\t\t\t\t\t\n\t\t\t\t\t\t\t\t\t<\/span>\n\t\t\t\t\t\t\t\t<\/div>\n\t\t\t\t\t\t\t<\/div>\n\t\t\t\t\t\t<\/a>\n\t\t\t\t\t<\/div>\n\t\t\t\t\t\t\t\t\t<div class=\"archive-post\">\n\t\t\t\t\t\t<a href=\"https:\/\/heat.forskning.eu\/de\/lunchbreak-meeting\/\">\n\t\t\t\t\t\t\t<div class=\"obj-fit archive-post-image\">\n\t\t\t\t\t\t\t\t<img decoding=\"async\" src=\"https:\/\/heat.forskning.eu\/wp-content\/uploads\/sites\/14\/2025\/05\/LunchboxLaptop_colourbox_1TB-scaled.jpg\" \/>\n\t\t\t\t\t\t\t<\/div>\n\t\t\t\t\t\t\t<div class=\"archive-post-text\">\n\t\t\t\t\t\t\t\t<span class=\"title\">Lunchbreak Meeting<\/span>\n\t\t\t\t\t\t\t\t<div class=\"excerpt\">\n\t\t\t\t\t\t\t\t\t<span class=\"ellipsis\">\n\t\t\t\t\t\t\t\t\t\t\n\t\t\t\t\t\t\t\t\t<\/span>\n\t\t\t\t\t\t\t\t<\/div>\n\t\t\t\t\t\t\t<\/div>\n\t\t\t\t\t\t<\/a>\n\t\t\t\t\t<\/div>\n\t\t\t\t\t\t\t\t\t<div class=\"archive-post\">\n\t\t\t\t\t\t<a href=\"https:\/\/heat.forskning.eu\/de\/neue-arbeitsgruppe-gestartet\/\">\n\t\t\t\t\t\t\t<div class=\"obj-fit archive-post-image\">\n\t\t\t\t\t\t\t\t<img decoding=\"async\" src=\"https:\/\/heat.forskning.eu\/wp-content\/uploads\/sites\/14\/2025\/05\/Arbejdsgruppe-scaled.jpg\" \/>\n\t\t\t\t\t\t\t<\/div>\n\t\t\t\t\t\t\t<div class=\"archive-post-text\">\n\t\t\t\t\t\t\t\t<span class=\"title\">Neue Arbeitsgruppe gestartet<\/span>\n\t\t\t\t\t\t\t\t<div class=\"excerpt\">\n\t\t\t\t\t\t\t\t\t<span class=\"ellipsis\">\n\t\t\t\t\t\t\t\t\t\t\n\t\t\t\t\t\t\t\t\t<\/span>\n\t\t\t\t\t\t\t\t<\/div>\n\t\t\t\t\t\t\t<\/div>\n\t\t\t\t\t\t<\/a>\n\t\t\t\t\t<\/div>\n\t\t\t\t\t\t\t\t\t<div class=\"archive-post\">\n\t\t\t\t\t\t<a href=\"https:\/\/heat.forskning.eu\/de\/steuerungsgruppentreffen-im-dezember-und-januar\/\">\n\t\t\t\t\t\t\t<div class=\"obj-fit archive-post-image\">\n\t\t\t\t\t\t\t\t<img decoding=\"async\" src=\"https:\/\/heat.forskning.eu\/wp-content\/uploads\/sites\/14\/2025\/02\/241206_luebeck_GA_19_1MB-scaled.jpg\" \/>\n\t\t\t\t\t\t\t<\/div>\n\t\t\t\t\t\t\t<div class=\"archive-post-text\">\n\t\t\t\t\t\t\t\t<span class=\"title\">Steuerungsgruppentreffen im Dezember und Januar<\/span>\n\t\t\t\t\t\t\t\t<div class=\"excerpt\">\n\t\t\t\t\t\t\t\t\t<span class=\"ellipsis\">\n\t\t\t\t\t\t\t\t\t\t\n\t\t\t\t\t\t\t\t\t<\/span>\n\t\t\t\t\t\t\t\t<\/div>\n\t\t\t\t\t\t\t<\/div>\n\t\t\t\t\t\t<\/a>\n\t\t\t\t\t<\/div>\n\t\t\t\t\t\t\t\t\t<div class=\"archive-post\">\n\t\t\t\t\t\t<a href=\"https:\/\/heat.forskning.eu\/de\/das-neue-projektjahr-begann-mit-einer-neuen-projektleitung\/\">\n\t\t\t\t\t\t\t<div class=\"obj-fit archive-post-image\">\n\t\t\t\t\t\t\t\t<img decoding=\"async\" src=\"https:\/\/heat.forskning.eu\/wp-content\/uploads\/sites\/14\/2025\/02\/Vicky-G-K.jpg\" \/>\n\t\t\t\t\t\t\t<\/div>\n\t\t\t\t\t\t\t<div class=\"archive-post-text\">\n\t\t\t\t\t\t\t\t<span class=\"title\">Das neue Projektjahr begann mit einer neuen Projektleitung<\/span>\n\t\t\t\t\t\t\t\t<div class=\"excerpt\">\n\t\t\t\t\t\t\t\t\t<span class=\"ellipsis\">\n\t\t\t\t\t\t\t\t\t\t\n\t\t\t\t\t\t\t\t\t<\/span>\n\t\t\t\t\t\t\t\t<\/div>\n\t\t\t\t\t\t\t<\/div>\n\t\t\t\t\t\t<\/a>\n\t\t\t\t\t<\/div>\n\t\t\t\t\t\t\t\t\t<div class=\"archive-post\">\n\t\t\t\t\t\t<a href=\"https:\/\/heat.forskning.eu\/de\/generalversammlung-in-luebeck\/\">\n\t\t\t\t\t\t\t<div class=\"obj-fit archive-post-image\">\n\t\t\t\t\t\t\t\t<img decoding=\"async\" src=\"https:\/\/heat.forskning.eu\/wp-content\/uploads\/sites\/14\/2025\/02\/241206_luebeck_GA_6_1MB-scaled.jpg\" \/>\n\t\t\t\t\t\t\t<\/div>\n\t\t\t\t\t\t\t<div class=\"archive-post-text\">\n\t\t\t\t\t\t\t\t<span class=\"title\">Generalversammlung in L\u00fcbeck<\/span>\n\t\t\t\t\t\t\t\t<div class=\"excerpt\">\n\t\t\t\t\t\t\t\t\t<span class=\"ellipsis\">\n\t\t\t\t\t\t\t\t\t\t\n\t\t\t\t\t\t\t\t\t<\/span>\n\t\t\t\t\t\t\t\t<\/div>\n\t\t\t\t\t\t\t<\/div>\n\t\t\t\t\t\t<\/a>\n\t\t\t\t\t<\/div>\n\t\t\t\t\t\t\t<\/div>\n\t\t<\/div>\n\t<\/div>\n\t\t<\/div>\n\t<\/section>\n","protected":false},"excerpt":{"rendered":"","protected":false},"author":2,"featured_media":0,"parent":0,"menu_order":0,"comment_status":"closed","ping_status":"closed","template":"","meta":{"_acf_changed":false,"footnotes":""},"class_list":["post-207","page","type-page","status-publish","hentry"],"acf":[],"_links":{"self":[{"href":"https:\/\/heat.forskning.eu\/de\/wp-json\/wp\/v2\/pages\/207","targetHints":{"allow":["GET"]}}],"collection":[{"href":"https:\/\/heat.forskning.eu\/de\/wp-json\/wp\/v2\/pages"}],"about":[{"href":"https:\/\/heat.forskning.eu\/de\/wp-json\/wp\/v2\/types\/page"}],"author":[{"embeddable":true,"href":"https:\/\/heat.forskning.eu\/de\/wp-json\/wp\/v2\/users\/2"}],"replies":[{"embeddable":true,"href":"https:\/\/heat.forskning.eu\/de\/wp-json\/wp\/v2\/comments?post=207"}],"version-history":[{"count":4,"href":"https:\/\/heat.forskning.eu\/de\/wp-json\/wp\/v2\/pages\/207\/revisions"}],"predecessor-version":[{"id":355,"href":"https:\/\/heat.forskning.eu\/de\/wp-json\/wp\/v2\/pages\/207\/revisions\/355"}],"wp:attachment":[{"href":"https:\/\/heat.forskning.eu\/de\/wp-json\/wp\/v2\/media?parent=207"}],"curies":[{"name":"wp","href":"https:\/\/api.w.org\/{rel}","templated":true}]}}