{"id":176,"date":"2024-12-03T13:01:56","date_gmt":"2024-12-03T12:01:56","guid":{"rendered":"https:\/\/heat.forskning.eu\/projektinformationen\/"},"modified":"2024-12-04T16:15:33","modified_gmt":"2024-12-04T15:15:33","slug":"projektinformationen","status":"publish","type":"page","link":"https:\/\/heat.forskning.eu\/de\/projektinformationen\/","title":{"rendered":"Projektinformationen"},"content":{"rendered":"<link rel=\"stylesheet\" type=\"text\/css\" href=\"https:\/\/heat.forskning.eu\/wp-content\/themes\/oak-theme\/dist\/template-parts\/blocks\/subsite-hero-page\/subsite-hero-page.css\">\n\t<section class=\"block block--subsite-hero-page spacing--little\">\n\t\t<div  class=\"subsite-hero-page\">\n\t\t\t\t<div class=\"subsite-hero-page__bg\">\n\t\t\t\t\t<img decoding=\"async\" src=\"https:\/\/heat.forskning.eu\/wp-content\/themes\/oak-theme\/assets\/images\/placeholder.png\" data-src=\"https:\/\/heat.forskning.eu\/wp-content\/uploads\/sites\/14\/2024\/11\/DigiHealthTech_1MB-1024x683.jpg\" data-srcset=\"https:\/\/heat.forskning.eu\/wp-content\/uploads\/sites\/14\/2024\/11\/DigiHealthTech_1MB-1024x683.jpg 1024w, https:\/\/heat.forskning.eu\/wp-content\/uploads\/sites\/14\/2024\/11\/DigiHealthTech_1MB-300x200.jpg 300w, https:\/\/heat.forskning.eu\/wp-content\/uploads\/sites\/14\/2024\/11\/DigiHealthTech_1MB-768x512.jpg 768w, https:\/\/heat.forskning.eu\/wp-content\/uploads\/sites\/14\/2024\/11\/DigiHealthTech_1MB-1536x1025.jpg 1536w\" sizes=\"(max-width: 100vw) 2000px, 2000px\" data-loading=\"lazy\" alt=\"\" \/>\n\t\t\t<\/div>\n\t<div class=\"subsite-hero-page__container\">\n\t\t<div class=\"grid\">\n\t\t\t<div class=\"col-md-8 col-xl-5 offset-xl-1\">\n\t\t\t\t<h1 class=\"subsite-hero-page__title\">\n\t\t\t\t\tHeAT. Health Advancing Technologies for Elderly\n\t\t\t\t<\/h1>\n\t\t\t<\/div>\n\n\t\t\t<div class=\"col-md-8 col-xl-5 offset-xl-1\">\n\t\t\t\t<p class=\"subsite-hero-page__excerpt\">\n\t\t\t\t\tGesundheitstechnologie f\u00fcr \u00e4ltere Menschen. <br \/>\r\nDas Projekt entwickelt nachhaltige technologische L\u00f6sungen, die Gesundheitssysteme f\u00fcr \u00e4ltere Menschen zug\u00e4nglicher machen. Der Fokus liegt auf ma\u00dfgeschneiderten L\u00f6sungen, die Behandlung und Lebensqualit\u00e4t verbessern, mit besonderem Augenmerk auf Krebs, Diabetes und Epilepsie.<br \/>\r\n<br \/>\r\n<br \/>\r\n<br \/>\r\n<br \/>\r\n<br \/>\r\n\n\t\t\t\t<\/p>\n\t\t\t<\/div>\n\n\t\t\t\t\t\t\t<div class=\"col-xl-4 offset-xl-7\">\n\t\t\t\t\t<div class=\"subsite-hero-page__details\">\n\t\t\t\t\t\t<div class=\"details__program\">\n\t\t\t\t\t\t\t<strong>\n\t\t\t\t\t\t\t\tSupport program:\n\t\t\t\t\t\t\t<\/strong>\n\t\t\t\t\t\t\t<span>Interreg Deutschland-Danmark<\/span>\n\t\t\t\t\t\t<\/div>\n\t\t\t\t\t\t<div class=\"details__duration\">\n\t\t\t\t\t\t\t<strong>\n\t\t\t\t\t\t\t\tProject duration:\n\t\t\t\t\t\t\t<\/strong>\n\t\t\t\t\t\t\t<span>01.03.2024 &#8211; 28.02.2027<\/span>\n\t\t\t\t\t\t<\/div>\n\t\t\t\t\t\t<div class=\"details__budget\">\n\t\t\t\t\t\t\t<strong>\n\t\t\t\t\t\t\t\tProject budget:\n\t\t\t\t\t\t\t<\/strong>\n\t\t\t\t\t\t\t<span>2.808.016,95 \u20ac<\/span>\n\t\t\t\t\t\t<\/div>\n\t\t\t\t\t<\/div>\n\t\t\t\t<\/div>\n\t\t\t\t\t<\/div>\n\t<\/div>\n\t\t<\/div>\n\t<\/section>\n\n\n<link rel=\"stylesheet\" type=\"text\/css\" href=\"https:\/\/heat.forskning.eu\/wp-content\/themes\/oak-theme\/dist\/template-parts\/blocks\/paragraph\/paragraph.css\">\n\t<section class=\"block block--paragraph spacing--little\">\n\t\t<div  class=\"paragraph\">\n\t\t\t\t\t\t\t<div class=\"grid \">\n\t\t\t\t\t\t<div class=\"col-lg-6 offset-lg-3\">\n\t\t<p>Die demografische Entwicklung bringt eine Reihe von Herausforderungen mit sich, wie zum Beispiel einen wachsenden Druck auf die Gesundheitssysteme in unseren beiden L\u00e4ndern.<\/p>\n<p>Aufgrund der steigenden Lebenserwartung und der wachsende Zahl \u00e4lterer Menschen entsteht ein h\u00f6herer Bedarf an medizinischer Versorgung und Behandlung, und das belastet die Kapazit\u00e4ten unsere Gesundheitssysteme in einem steigenden Ma\u00dfe. Innovative digitale L\u00f6sungen und Prozesse im Gesundheitswesen k\u00f6nnen hier nicht nur dazu beitragen, Kosten zu senken, sondern gleichzeitig helfen, einen hohen Standard in der Gesundheitsversorgung und bei der Behandlung aufrechtzuerhalten.<\/p>\n<p>Leider haben insbesondere \u00e4ltere B\u00fcrger Schwierigkeiten, diese digitalen L\u00f6sungen zu nutzen. Oft haben sie Probleme, sich an best\u00e4ndig neu entwickelte Technologien anzupassen. Gleichfalls erschweren die im Alter nachlassenden neurokognitiven und motorischen F\u00e4higkeiten den Umgang mit diesen Technologien. Dies ist problematisch, da diese Bev\u00f6lkerungsgruppe w\u00e4chst, und da gerade bei dieser Gruppe ein erh\u00f6htes ein Risiko f\u00fcr Krankheiten besteht. Gerade hier aber k\u00f6nnten Technologien Verbesserungen erm\u00f6glichen und bei der Behandlung von Erkrankungen helfen.<\/p>\n<p>Im Mittelpunkt dieses Projekts steht daher die Frage, wie bei \u00e4lteren B\u00fcrgern und B\u00fcrgerinnen in der Programmregion die Lebensqualit\u00e4t und die Behandlung von Erkrankungen durch den Einsatz gesundheitsf\u00f6rdernder Technologien verbessert werden k\u00f6nnen. Ziel ist es, die Bed\u00fcrfnisse und Herausforderungen dieser Bev\u00f6lkerungsgruppe zu untersuchen und technologische L\u00f6sungen zu entwickeln, die speziell auf ihre Anforderungen zugeschnitten sind. Ein grenz\u00fcberschreitender Ansatz bietet hier die M\u00f6glichkeit, sich dem Problem aus zwei Perspektiven zu n\u00e4hern und so gemeinsam die besten L\u00f6sungen zu entwickeln. Hierbei liegt der Fokus auf der Implementierung dieser L\u00f6sungen und auf ihrer nachhaltigen Verankerung.<\/p>\n<p>Um eine breite Umsetzung zu erreichen, konzentriert sich das Projekt auf einige der h\u00e4ufigsten Krankheiten in der Programmregion: Krebs, Diabetes und Epilepsie. Dadurch ergeben sich gro\u00dfe Patientengruppen, die von dem Projekt profitieren werden.<\/p>\n<p>Das Wissen und die Erfahrungen, die in diesem Projekt gewonnen werden, werden gesammelt und in einem Aktionsplan zusammengefasst, um die Nutzung von Gesundheitstechnologien bei \u00e4lteren Menschen in verschiedenen Bereichen des Gesundheitswesens zu verbessern.<\/p>\n<h4>Ziele des Projekts:<\/h4>\n<p>Das \u00fcbergeordnete Ziel des Projekts ist es, die Zug\u00e4nglichkeit \u00e4lterer B\u00fcrger und B\u00fcrgerinnen zu einem zunehmend digitalen Gesundheitssystem zu verbessern. Es konzentriert sich darauf, wie Gesundheitsinitiativen entwickelt oder angepasst werden k\u00f6nnen, um den Bed\u00fcrfnissen dieser Bev\u00f6lkerungsgruppe gerecht zu werden. Es wird somit dazu beitragen, weitere Ungleichheiten in der Gesundheitsversorgung und Behandlung zu verhindern und bestehende Ungleichheiten zu verringern. Dabei ist es eine\u00a0 Herausforderung, dass die gr\u00f6\u00dften Patientengruppen der \u00e4lteren Menschen Schwierigkeiten hat, neue Technologien zu nutzen. Das Projekt hat das Ziel, ein Bewusstsein f\u00fcr diese Herausforderung zu schaffen, und es konzentriert sich darauf, wie die Bev\u00f6lkerung in Deutschland und D\u00e4nemark von diesen Technologien am besten profitieren kann. Der Fokus liegt dabei auf der Entwicklung und Nutzung neuer digitaler Technologien, grenz\u00fcbergreifender L\u00f6sungen und auf der Einbeziehung von Patienten und B\u00fcrger_innen.<\/p>\n\n\t<\/div>\n\t\t\t\t<\/div>\n\t\t\t\t\t<\/div>\n\t<\/section>\n","protected":false},"excerpt":{"rendered":"","protected":false},"author":4,"featured_media":22,"parent":0,"menu_order":0,"comment_status":"closed","ping_status":"closed","template":"","meta":{"_acf_changed":false,"footnotes":""},"class_list":["post-176","page","type-page","status-publish","has-post-thumbnail","hentry"],"acf":[],"_links":{"self":[{"href":"https:\/\/heat.forskning.eu\/de\/wp-json\/wp\/v2\/pages\/176","targetHints":{"allow":["GET"]}}],"collection":[{"href":"https:\/\/heat.forskning.eu\/de\/wp-json\/wp\/v2\/pages"}],"about":[{"href":"https:\/\/heat.forskning.eu\/de\/wp-json\/wp\/v2\/types\/page"}],"author":[{"embeddable":true,"href":"https:\/\/heat.forskning.eu\/de\/wp-json\/wp\/v2\/users\/4"}],"replies":[{"embeddable":true,"href":"https:\/\/heat.forskning.eu\/de\/wp-json\/wp\/v2\/comments?post=176"}],"version-history":[{"count":3,"href":"https:\/\/heat.forskning.eu\/de\/wp-json\/wp\/v2\/pages\/176\/revisions"}],"predecessor-version":[{"id":199,"href":"https:\/\/heat.forskning.eu\/de\/wp-json\/wp\/v2\/pages\/176\/revisions\/199"}],"wp:featuredmedia":[{"embeddable":true,"href":"https:\/\/heat.forskning.eu\/de\/wp-json\/wp\/v2\/media\/22"}],"wp:attachment":[{"href":"https:\/\/heat.forskning.eu\/de\/wp-json\/wp\/v2\/media?parent=176"}],"curies":[{"name":"wp","href":"https:\/\/api.w.org\/{rel}","templated":true}]}}