{"id":132,"date":"2024-11-13T10:52:26","date_gmt":"2024-11-13T09:52:26","guid":{"rendered":"https:\/\/heat.forskning.eu\/startseite\/"},"modified":"2026-04-13T09:44:08","modified_gmt":"2026-04-13T08:44:08","slug":"startseite","status":"publish","type":"page","link":"https:\/\/heat.forskning.eu\/de\/","title":{"rendered":"Startseite"},"content":{"rendered":"<link rel=\"stylesheet\" type=\"text\/css\" href=\"https:\/\/heat.forskning.eu\/wp-content\/themes\/oak-theme\/dist\/template-parts\/blocks\/subsite-hero-master\/subsite-hero-master.css\">\n\t<section class=\"block block--subsite-hero-master brands spacing--none\">\n\t\t<div  class=\"subsite-hero-master brands\">\n\t\t\t\t<div class=\"container fullscreen \">\n\t\t\t\t\t<div class=\"logo\">\n\t\t\t\t<img decoding=\"async\" src=\"https:\/\/heat.forskning.eu\/wp-content\/themes\/oak-theme\/assets\/images\/placeholder.png\" data-src=\"https:\/\/heat.forskning.eu\/wp-content\/uploads\/sites\/14\/2024\/10\/Interreg_Logo_Deutschland_Danmark_RGB_positiv.png\" data-srcset=\"https:\/\/heat.forskning.eu\/wp-content\/uploads\/sites\/14\/2024\/10\/Interreg_Logo_Deutschland_Danmark_RGB_positiv.png 7608w, https:\/\/heat.forskning.eu\/wp-content\/uploads\/sites\/14\/2024\/10\/Interreg_Logo_Deutschland_Danmark_RGB_positiv-300x90.png 300w, https:\/\/heat.forskning.eu\/wp-content\/uploads\/sites\/14\/2024\/10\/Interreg_Logo_Deutschland_Danmark_RGB_positiv-1024x309.png 1024w, https:\/\/heat.forskning.eu\/wp-content\/uploads\/sites\/14\/2024\/10\/Interreg_Logo_Deutschland_Danmark_RGB_positiv-768x231.png 768w, https:\/\/heat.forskning.eu\/wp-content\/uploads\/sites\/14\/2024\/10\/Interreg_Logo_Deutschland_Danmark_RGB_positiv-1536x463.png 1536w, https:\/\/heat.forskning.eu\/wp-content\/uploads\/sites\/14\/2024\/10\/Interreg_Logo_Deutschland_Danmark_RGB_positiv-2048x617.png 2048w\" sizes=\"(max-width: 100vw) 350px, 350px\" data-loading=\"lazy\" alt=\"\" \/>\n\t\t\t<\/div>\n\t\t\t\t<div class=\"content\">\n\t\t\t<div class=\"content--contents\">\n\t\t\t\t<h1 class=\"heading-1\">\n\t\t\t\t\tHeAT. Health Advancing Technologies for Elderly\n\t\t\t\t<\/h1>\n\t\t\t\t<p>\n\t\t\t\t\tDas \u00fcbergeordnete Ziel des Projekts ist es, den Zugang \u00e4lterer Menschen zu einem zunehmend digitalen Gesundheitssystem zu verbessern. Das HeAT-Projekt befasst sich mit innovativen digitalen L\u00f6sungen und Prozessen im Gesundheitswesen, die dazu beitragen k\u00f6nnen, einen hohen Standard der Gesundheitsversorgung und Behandlung, insbesondere f\u00fcr \u00e4ltere Patienten, aufrechtzuerhalten und gleichzeitig die Kosten im Gesundheitswesen zu senken.\n\t\t\t\t<\/p>\n\t\t\t\t<div>\n\t\t\t\t\t<a class=\"btn btn--primary\" href=\"https:\/\/heat.forskning.eu\/de\/projektinformationen\/\">\n\t\t\t\t\t\tProjektinformationen\n\t\t\t\t\t<\/a>\n\t\t\t\t<\/div>\n\t\t\t<\/div>\n\t\t<\/div>\n\t\t<div class=\"image obj-fit\">\n\t\t\t<img decoding=\"async\" src=\"https:\/\/heat.forskning.eu\/wp-content\/themes\/oak-theme\/assets\/images\/placeholder.png\" data-src=\"https:\/\/heat.forskning.eu\/wp-content\/uploads\/sites\/14\/2024\/11\/DigiHealthTech_1MB-1024x683.jpg\" data-srcset=\"https:\/\/heat.forskning.eu\/wp-content\/uploads\/sites\/14\/2024\/11\/DigiHealthTech_1MB-1024x683.jpg 1024w, https:\/\/heat.forskning.eu\/wp-content\/uploads\/sites\/14\/2024\/11\/DigiHealthTech_1MB-300x200.jpg 300w, https:\/\/heat.forskning.eu\/wp-content\/uploads\/sites\/14\/2024\/11\/DigiHealthTech_1MB-768x512.jpg 768w, https:\/\/heat.forskning.eu\/wp-content\/uploads\/sites\/14\/2024\/11\/DigiHealthTech_1MB-1536x1025.jpg 1536w\" sizes=\"(max-width: 100vw) 1500px, 1500px\" data-loading=\"lazy\" alt=\"\" \/>\n\t\t<\/div>\n\t<\/div>\n\t\t\t<div class=\"swiper brands\"\n\t\t\tstyle=\"background-color:#ffffff;\">\n\t\t\t<div class=\"swiper-wrapper brands--container\">\n\t\t\t\t\t\t\t\t\t\t\t\t\t\t\t<div class=\"swiper-slide brand obj-fit\">\n\t\t\t\t\t\t\t<img decoding=\"async\" src=\"https:\/\/heat.forskning.eu\/wp-content\/themes\/oak-theme\/assets\/images\/placeholder.png\" data-src=\"https:\/\/heat.forskning.eu\/wp-content\/uploads\/sites\/14\/2024\/11\/Logo_PP-0-1-2_SUH.png\" data-srcset=\"https:\/\/heat.forskning.eu\/wp-content\/uploads\/sites\/14\/2024\/11\/Logo_PP-0-1-2_SUH.png 1439w, https:\/\/heat.forskning.eu\/wp-content\/uploads\/sites\/14\/2024\/11\/Logo_PP-0-1-2_SUH-300x78.png 300w, https:\/\/heat.forskning.eu\/wp-content\/uploads\/sites\/14\/2024\/11\/Logo_PP-0-1-2_SUH-1024x266.png 1024w, https:\/\/heat.forskning.eu\/wp-content\/uploads\/sites\/14\/2024\/11\/Logo_PP-0-1-2_SUH-768x200.png 768w\" sizes=\"(max-width: 100vw) 350px, 350px\" data-loading=\"lazy\" alt=\"\" \/>\n\t\t\t\t\t\t<\/div>\n\t\t\t\t\t\t\t\t\t\t\t\t\t\t\t\t\t\t\t\t<div class=\"swiper-slide brand obj-fit\">\n\t\t\t\t\t\t\t<img decoding=\"async\" src=\"https:\/\/heat.forskning.eu\/wp-content\/themes\/oak-theme\/assets\/images\/placeholder.png\" data-src=\"https:\/\/heat.forskning.eu\/wp-content\/uploads\/sites\/14\/2024\/11\/Logo_PP-3_VejleHospital.jpg\" data-srcset=\"https:\/\/heat.forskning.eu\/wp-content\/uploads\/sites\/14\/2024\/11\/Logo_PP-3_VejleHospital.jpg 2376w, https:\/\/heat.forskning.eu\/wp-content\/uploads\/sites\/14\/2024\/11\/Logo_PP-3_VejleHospital-300x86.jpg 300w, https:\/\/heat.forskning.eu\/wp-content\/uploads\/sites\/14\/2024\/11\/Logo_PP-3_VejleHospital-1024x293.jpg 1024w, https:\/\/heat.forskning.eu\/wp-content\/uploads\/sites\/14\/2024\/11\/Logo_PP-3_VejleHospital-768x220.jpg 768w, https:\/\/heat.forskning.eu\/wp-content\/uploads\/sites\/14\/2024\/11\/Logo_PP-3_VejleHospital-1536x440.jpg 1536w, https:\/\/heat.forskning.eu\/wp-content\/uploads\/sites\/14\/2024\/11\/Logo_PP-3_VejleHospital-2048x587.jpg 2048w, https:\/\/heat.forskning.eu\/wp-content\/uploads\/sites\/14\/2024\/11\/Logo_PP-3_VejleHospital-350x100.jpg 350w\" sizes=\"(max-width: 100vw) 350px, 350px\" data-loading=\"lazy\" alt=\"\" \/>\n\t\t\t\t\t\t<\/div>\n\t\t\t\t\t\t\t\t\t\t\t\t\t\t\t\t\t\t\t\t<div class=\"swiper-slide brand obj-fit\">\n\t\t\t\t\t\t\t<img decoding=\"async\" src=\"https:\/\/heat.forskning.eu\/wp-content\/themes\/oak-theme\/assets\/images\/placeholder.png\" data-src=\"https:\/\/heat.forskning.eu\/wp-content\/uploads\/sites\/14\/2024\/11\/Logo_PP-4_UKSH.jpg\" data-srcset=\"https:\/\/heat.forskning.eu\/wp-content\/uploads\/sites\/14\/2024\/11\/Logo_PP-4_UKSH.jpg 1261w, https:\/\/heat.forskning.eu\/wp-content\/uploads\/sites\/14\/2024\/11\/Logo_PP-4_UKSH-300x133.jpg 300w, https:\/\/heat.forskning.eu\/wp-content\/uploads\/sites\/14\/2024\/11\/Logo_PP-4_UKSH-1024x453.jpg 1024w, https:\/\/heat.forskning.eu\/wp-content\/uploads\/sites\/14\/2024\/11\/Logo_PP-4_UKSH-768x340.jpg 768w\" sizes=\"(max-width: 100vw) 350px, 350px\" data-loading=\"lazy\" alt=\"\" \/>\n\t\t\t\t\t\t<\/div>\n\t\t\t\t\t\t\t\t\t\t\t\t\t\t\t\t\t\t\t\t<div class=\"swiper-slide brand obj-fit\">\n\t\t\t\t\t\t\t<img decoding=\"async\" src=\"https:\/\/heat.forskning.eu\/wp-content\/themes\/oak-theme\/assets\/images\/placeholder.png\" data-src=\"https:\/\/heat.forskning.eu\/wp-content\/uploads\/sites\/14\/2024\/11\/Logo_PP-5_IKE-scaled.jpg\" data-srcset=\"https:\/\/heat.forskning.eu\/wp-content\/uploads\/sites\/14\/2024\/11\/Logo_PP-5_IKE-scaled.jpg 2560w, https:\/\/heat.forskning.eu\/wp-content\/uploads\/sites\/14\/2024\/11\/Logo_PP-5_IKE-300x108.jpg 300w, https:\/\/heat.forskning.eu\/wp-content\/uploads\/sites\/14\/2024\/11\/Logo_PP-5_IKE-1024x367.jpg 1024w, https:\/\/heat.forskning.eu\/wp-content\/uploads\/sites\/14\/2024\/11\/Logo_PP-5_IKE-768x275.jpg 768w, https:\/\/heat.forskning.eu\/wp-content\/uploads\/sites\/14\/2024\/11\/Logo_PP-5_IKE-1536x551.jpg 1536w, https:\/\/heat.forskning.eu\/wp-content\/uploads\/sites\/14\/2024\/11\/Logo_PP-5_IKE-2048x734.jpg 2048w\" sizes=\"(max-width: 100vw) 350px, 350px\" data-loading=\"lazy\" alt=\"\" \/>\n\t\t\t\t\t\t<\/div>\n\t\t\t\t\t\t\t\t\t\t\t\t\t\t\t\t\t\t\t\t<div class=\"swiper-slide brand obj-fit\">\n\t\t\t\t\t\t\t<img decoding=\"async\" src=\"https:\/\/heat.forskning.eu\/wp-content\/themes\/oak-theme\/assets\/images\/placeholder.png\" data-src=\"https:\/\/heat.forskning.eu\/wp-content\/uploads\/sites\/14\/2024\/11\/Logo_PP-6_UKSH-Akademie-scaled.jpg\" data-srcset=\"https:\/\/heat.forskning.eu\/wp-content\/uploads\/sites\/14\/2024\/11\/Logo_PP-6_UKSH-Akademie-scaled.jpg 2560w, https:\/\/heat.forskning.eu\/wp-content\/uploads\/sites\/14\/2024\/11\/Logo_PP-6_UKSH-Akademie-300x59.jpg 300w, https:\/\/heat.forskning.eu\/wp-content\/uploads\/sites\/14\/2024\/11\/Logo_PP-6_UKSH-Akademie-1024x202.jpg 1024w, https:\/\/heat.forskning.eu\/wp-content\/uploads\/sites\/14\/2024\/11\/Logo_PP-6_UKSH-Akademie-768x152.jpg 768w, https:\/\/heat.forskning.eu\/wp-content\/uploads\/sites\/14\/2024\/11\/Logo_PP-6_UKSH-Akademie-1536x303.jpg 1536w, https:\/\/heat.forskning.eu\/wp-content\/uploads\/sites\/14\/2024\/11\/Logo_PP-6_UKSH-Akademie-2048x404.jpg 2048w\" sizes=\"(max-width: 100vw) 350px, 350px\" data-loading=\"lazy\" alt=\"\" \/>\n\t\t\t\t\t\t<\/div>\n\t\t\t\t\t\t\t\t\t\t\t\t\t\t\t\t\t\t\t\t<div class=\"swiper-slide brand obj-fit\">\n\t\t\t\t\t\t\t<img decoding=\"async\" src=\"https:\/\/heat.forskning.eu\/wp-content\/themes\/oak-theme\/assets\/images\/placeholder.png\" data-src=\"https:\/\/heat.forskning.eu\/wp-content\/uploads\/sites\/14\/2024\/11\/Logo_PP-7_MalteserFlensburg.jpg\" data-srcset=\"https:\/\/heat.forskning.eu\/wp-content\/uploads\/sites\/14\/2024\/11\/Logo_PP-7_MalteserFlensburg.jpg 1632w, https:\/\/heat.forskning.eu\/wp-content\/uploads\/sites\/14\/2024\/11\/Logo_PP-7_MalteserFlensburg-300x126.jpg 300w, https:\/\/heat.forskning.eu\/wp-content\/uploads\/sites\/14\/2024\/11\/Logo_PP-7_MalteserFlensburg-1024x430.jpg 1024w, https:\/\/heat.forskning.eu\/wp-content\/uploads\/sites\/14\/2024\/11\/Logo_PP-7_MalteserFlensburg-768x323.jpg 768w, https:\/\/heat.forskning.eu\/wp-content\/uploads\/sites\/14\/2024\/11\/Logo_PP-7_MalteserFlensburg-1536x646.jpg 1536w\" sizes=\"(max-width: 100vw) 350px, 350px\" data-loading=\"lazy\" alt=\"\" \/>\n\t\t\t\t\t\t<\/div>\n\t\t\t\t\t\t\t\t\t\t\t\t\t\t\t\t\t\t\t\t<div class=\"swiper-slide brand obj-fit\">\n\t\t\t\t\t\t\t<img decoding=\"async\" src=\"https:\/\/heat.forskning.eu\/wp-content\/themes\/oak-theme\/assets\/images\/placeholder.png\" data-src=\"https:\/\/heat.forskning.eu\/wp-content\/uploads\/sites\/14\/2024\/11\/Logo-Nextlabel.png\" data-srcset=\"https:\/\/heat.forskning.eu\/wp-content\/uploads\/sites\/14\/2024\/11\/Logo-Nextlabel.png 1768w, https:\/\/heat.forskning.eu\/wp-content\/uploads\/sites\/14\/2024\/11\/Logo-Nextlabel-300x62.png 300w, https:\/\/heat.forskning.eu\/wp-content\/uploads\/sites\/14\/2024\/11\/Logo-Nextlabel-1024x213.png 1024w, https:\/\/heat.forskning.eu\/wp-content\/uploads\/sites\/14\/2024\/11\/Logo-Nextlabel-768x160.png 768w, https:\/\/heat.forskning.eu\/wp-content\/uploads\/sites\/14\/2024\/11\/Logo-Nextlabel-1536x320.png 1536w\" sizes=\"(max-width: 100vw) 350px, 350px\" data-loading=\"lazy\" alt=\"\" \/>\n\t\t\t\t\t\t<\/div>\n\t\t\t\t\t\t\t\t\t\t\t\t<\/div>\n\t\t<\/div>\n\t\t\t<\/div>\n\t<\/section>\n\n\n<link rel=\"stylesheet\" type=\"text\/css\" href=\"https:\/\/heat.forskning.eu\/wp-content\/themes\/oak-theme\/dist\/template-parts\/blocks\/text-image\/text-image.css\">\n\t<section class=\"block block--text-image bg-grey spacing--none\">\n\t\t<div  class=\"text-image bg-grey\">\n\t\t\t\t\t\t\t<div class=\"grid \">\n\t\t\t\t\t\t<div class=\"col-md-6 col-lg-5 align-right 1\">\n\t\t<div class=\"text-image__image obj-fit\">\n\t\t\t<img decoding=\"async\" src=\"https:\/\/heat.forskning.eu\/wp-content\/themes\/oak-theme\/assets\/images\/placeholder.png\" data-src=\"https:\/\/heat.forskning.eu\/wp-content\/uploads\/sites\/14\/2024\/11\/OlderLady_back_1MB-1024x683.jpg\" data-srcset=\"https:\/\/heat.forskning.eu\/wp-content\/uploads\/sites\/14\/2024\/11\/OlderLady_back_1MB-1024x683.jpg 1024w, https:\/\/heat.forskning.eu\/wp-content\/uploads\/sites\/14\/2024\/11\/OlderLady_back_1MB-300x200.jpg 300w, https:\/\/heat.forskning.eu\/wp-content\/uploads\/sites\/14\/2024\/11\/OlderLady_back_1MB-768x512.jpg 768w, https:\/\/heat.forskning.eu\/wp-content\/uploads\/sites\/14\/2024\/11\/OlderLady_back_1MB-1536x1024.jpg 1536w, https:\/\/heat.forskning.eu\/wp-content\/uploads\/sites\/14\/2024\/11\/OlderLady_back_1MB-2048x1365.jpg 2048w\" sizes=\"(max-width: 100vw) 800px, 800px\" data-loading=\"lazy\" alt=\"\"\n\t\t\t\talt=\"\" \/>\n\t\t<\/div>\n\t<\/div>\n\t<div class=\"col-md-6 col-lg-5 text-spacing-right offset-lg-1\">\n\t\t<div class=\"text-image__text\">\n\t\t\t<p>Die demografische Entwicklung in unseren L\u00e4ndern bringt eine Reihe von Herausforderungen mit sich. Die steigende Lebenserwartung und die wachsende Zahl \u00e4lterer Menschen f\u00fchren zu einem h\u00f6heren Bedarf an medizinischer Versorgung und Behandlung, was die Kapazit\u00e4ten unserer Gesundheitssysteme unter Druck setzt. Innovative digitale L\u00f6sungen und Prozesse im Gesundheitswesen k\u00f6nnen dazu beitragen, hohe Pflege- und Behandlungsstandards aufrechtzuerhalten.<\/p>\n<p>Leider f\u00e4llt es insbesondere \u00e4lteren Menschen schwer, diese digitalen L\u00f6sungen zu nutzen. Im Mittelpunkt dieses Projekts steht daher die Frage, wie die Behandlung und die Lebensqualit\u00e4t \u00e4lterer B\u00fcrger in der Programmregion durch den Einsatz gesundheitsf\u00f6rdernder Technologien verbessert werden k\u00f6nnen.<\/p>\n<p>Um eine breite Umsetzung zu unterst\u00fctzen, konzentriert sich das Projekt auf einige der h\u00e4ufigsten Krankheiten in der Programmregion: Krebs, Diabetes und Epilepsie. Dadurch ergeben sich gro\u00dfe Patientengruppen, die von dem Projekt profitieren werden.<\/p>\n\n\n\t\t\t\t\t\t\t<a href=\"https:\/\/heat.forskning.eu\/de\/projektinformationen\/\"\n\t\t\t\t\tclass=\"arrow-link text-image__link\"\n\t\t\t\t\ttarget=\"\">\n\t\t\t\t\tProjektinformationen\n\t\t\t\t\t<i><svg width=\"73\" height=\"73\" viewBox=\"0 0 73 73\" fill=\"none\" xmlns=\"http:\/\/www.w3.org\/2000\/svg\">\n<path d=\"M53.5924 32.4964L45.223 24.127C45.223 24.127 45.223 24.127 45.223 24.1269C44.6325 23.5362 44.3008 22.7352 44.3008 21.9C44.3008 21.0647 44.6325 20.2636 45.223 19.6729C45.8137 19.0824 46.6148 18.7507 47.45 18.7507C48.2853 18.7507 49.0863 19.0825 49.677 19.673L64.2769 34.2729C64.277 34.2729 64.277 34.2729 64.277 34.273C64.8675 34.8637 65.1992 35.6647 65.1992 36.5C65.1992 37.3352 64.8675 38.1362 64.277 38.7269C64.277 38.727 64.277 38.727 64.2769 38.727L49.6802 53.3238C49.0864 53.8957 48.292 54.2121 47.4675 54.205C46.6415 54.1978 45.8515 53.8665 45.2675 53.2825C44.6834 52.6985 44.3521 51.9084 44.345 51.0825C44.3378 50.258 44.6542 49.4636 45.2261 48.8698L53.5924 40.5035L54.446 39.65H53.2389L10.95 39.65C10.1146 39.65 9.31334 39.3181 8.7226 38.7273C8.13186 38.1366 7.79999 37.3354 7.79999 36.5C7.79999 35.6645 8.13186 34.8633 8.7226 34.2726C9.31334 33.6818 10.1146 33.35 10.95 33.35L53.2389 33.35H54.446L53.5924 32.4964Z\" fill=\"currentColor\" stroke=\"currentColor\"\/>\n<\/svg>\n<\/i>\n\t\t\t\t<\/a>\n\t\t\t\t\t<\/div>\n\t<\/div>\n\t\t\t\t<\/div>\n\t\t\t\t\t<\/div>\n\t<\/section>\n\n\n<link rel=\"stylesheet\" type=\"text\/css\" href=\"https:\/\/heat.forskning.eu\/wp-content\/themes\/oak-theme\/dist\/template-parts\/blocks\/subsite-news\/subsite-news.css\">\n\t<section class=\"block block--subsite-news spacing--none\">\n\t\t<div  class=\"subsite-news\">\n\t\t\t\t<div class=\"grid\">\n\t\t<div class=\"col-12 col-lg-10 offset-lg-1\">\n\t\t\t<div class=\"title\">\n\t\t\t\t<h2>\n\t\t\t\t\t\n\t\t\t\t<\/h2>\n\t\t\t<\/div>\n\t\t\t<div class=\"content\">\n\t\t\t\t<p>\n\t\t\t\t\t\n\t\t\t\t<\/p>\n\t\t\t<\/div>\n\t\t\t<div class=\"news desktop\">\n\t\t\t\t\t\t\t\t\t\n<a href=\"https:\/\/heat.forskning.eu\/de\/erstellung-eines-aktionsplans\/\" class=\"news__item\">\n\t<div class=\"news__item__image obj-fit\">\n\t\t<img decoding=\"async\" src=\"https:\/\/heat.forskning.eu\/wp-content\/uploads\/sites\/14\/2026\/04\/Maja_260323.jpg\" \/>\n\t\t\t\t\t<div class=\"tag tag--news\">\n\t\t\t\tNyhed\n\t\t\t<\/div>\n\t\t\t<\/div>\n\t<div class=\"news__item__content\">\n\t\t\t\t\t<span class=\"content-title\">Erstellung eines Aktionsplans<\/span>\n\t\t\t\t\t\t\t<span class=\"post_date\">\n\t\t\t\t\tPublished\n\t\t\t\t\t23. M\u00e4rz 2026\n\t\t\t\t<\/span>\n\t\t\t\t\t\t\t\t\t\t<p class=\"ellipsis ellipsis-news \">\n\t\t\t\t\n\t\t\t<\/p>\n\t\t\t<\/div>\n<\/a>\n\t\t\t\t\t\t\t\t\t\n<a href=\"https:\/\/heat.forskning.eu\/de\/neuropathy-tracker-reist-nach-luebeck\/\" class=\"news__item\">\n\t<div class=\"news__item__image obj-fit\">\n\t\t<img decoding=\"async\" src=\"https:\/\/heat.forskning.eu\/wp-content\/uploads\/sites\/14\/2026\/03\/Martin-i-Lubeck-2025.jpg\" \/>\n\t\t\t\t\t<div class=\"tag tag--news\">\n\t\t\t\tNyhed\n\t\t\t<\/div>\n\t\t\t<\/div>\n\t<div class=\"news__item__content\">\n\t\t\t\t\t<span class=\"content-title\">Neuropathy Tracker reist nach L\u00fcbeck<\/span>\n\t\t\t\t\t\t\t<span class=\"post_date\">\n\t\t\t\t\tPublished\n\t\t\t\t\t23. Januar 2026\n\t\t\t\t<\/span>\n\t\t\t\t\t\t\t\t\t\t<p class=\"ellipsis ellipsis-news \">\n\t\t\t\t\n\t\t\t<\/p>\n\t\t\t<\/div>\n<\/a>\n\t\t\t\t\t\t\t\t\t\n<a href=\"https:\/\/heat.forskning.eu\/de\/heat-baut-bruecken\/\" class=\"news__item\">\n\t<div class=\"news__item__image obj-fit\">\n\t\t<img decoding=\"async\" src=\"https:\/\/heat.forskning.eu\/wp-content\/uploads\/sites\/14\/2026\/01\/Brystkraeft-grafik.png\" \/>\n\t\t\t\t\t<div class=\"tag tag--news\">\n\t\t\t\tNyhed\n\t\t\t<\/div>\n\t\t\t<\/div>\n\t<div class=\"news__item__content\">\n\t\t\t\t\t<span class=\"content-title\">HeAT baut Br\u00fccken<\/span>\n\t\t\t\t\t\t\t<span class=\"post_date\">\n\t\t\t\t\tPublished\n\t\t\t\t\t19. Januar 2026\n\t\t\t\t<\/span>\n\t\t\t\t\t\t\t\t\t\t<p class=\"ellipsis ellipsis-news \">\n\t\t\t\t\n\t\t\t<\/p>\n\t\t\t<\/div>\n<\/a>\n\t\t\t\t\t\t\t<\/div>\n\t\t\t<div class=\"news news-swiper mobile swiper\">\n\t\t\t\t<div class=\"swiper-wrapper\">\n\t\t\t\t\t\t\t\t\t\t\t<div class=\"swiper-slide\">\n\t\t\t\t\t\t\t\n<a href=\"https:\/\/heat.forskning.eu\/de\/erstellung-eines-aktionsplans\/\" class=\"news__item\">\n\t<div class=\"news__item__image obj-fit\">\n\t\t<img decoding=\"async\" src=\"https:\/\/heat.forskning.eu\/wp-content\/uploads\/sites\/14\/2026\/04\/Maja_260323.jpg\" \/>\n\t\t\t\t\t<div class=\"tag tag--news\">\n\t\t\t\tNyhed\n\t\t\t<\/div>\n\t\t\t<\/div>\n\t<div class=\"news__item__content\">\n\t\t\t\t\t<span class=\"content-title\">Erstellung eines Aktionsplans<\/span>\n\t\t\t\t\t\t\t<span class=\"post_date\">\n\t\t\t\t\tPublished\n\t\t\t\t\t23. M\u00e4rz 2026\n\t\t\t\t<\/span>\n\t\t\t\t\t\t\t\t\t\t<p class=\"ellipsis ellipsis-news \">\n\t\t\t\t\n\t\t\t<\/p>\n\t\t\t<\/div>\n<\/a>\n\t\t\t\t\t\t<\/div>\n\t\t\t\t\t\t\t\t\t\t\t<div class=\"swiper-slide\">\n\t\t\t\t\t\t\t\n<a href=\"https:\/\/heat.forskning.eu\/de\/neuropathy-tracker-reist-nach-luebeck\/\" class=\"news__item\">\n\t<div class=\"news__item__image obj-fit\">\n\t\t<img decoding=\"async\" src=\"https:\/\/heat.forskning.eu\/wp-content\/uploads\/sites\/14\/2026\/03\/Martin-i-Lubeck-2025.jpg\" \/>\n\t\t\t\t\t<div class=\"tag tag--news\">\n\t\t\t\tNyhed\n\t\t\t<\/div>\n\t\t\t<\/div>\n\t<div class=\"news__item__content\">\n\t\t\t\t\t<span class=\"content-title\">Neuropathy Tracker reist nach L\u00fcbeck<\/span>\n\t\t\t\t\t\t\t<span class=\"post_date\">\n\t\t\t\t\tPublished\n\t\t\t\t\t23. Januar 2026\n\t\t\t\t<\/span>\n\t\t\t\t\t\t\t\t\t\t<p class=\"ellipsis ellipsis-news \">\n\t\t\t\t\n\t\t\t<\/p>\n\t\t\t<\/div>\n<\/a>\n\t\t\t\t\t\t<\/div>\n\t\t\t\t\t\t\t\t\t\t\t<div class=\"swiper-slide\">\n\t\t\t\t\t\t\t\n<a href=\"https:\/\/heat.forskning.eu\/de\/heat-baut-bruecken\/\" class=\"news__item\">\n\t<div class=\"news__item__image obj-fit\">\n\t\t<img decoding=\"async\" src=\"https:\/\/heat.forskning.eu\/wp-content\/uploads\/sites\/14\/2026\/01\/Brystkraeft-grafik.png\" \/>\n\t\t\t\t\t<div class=\"tag tag--news\">\n\t\t\t\tNyhed\n\t\t\t<\/div>\n\t\t\t<\/div>\n\t<div class=\"news__item__content\">\n\t\t\t\t\t<span class=\"content-title\">HeAT baut Br\u00fccken<\/span>\n\t\t\t\t\t\t\t<span class=\"post_date\">\n\t\t\t\t\tPublished\n\t\t\t\t\t19. Januar 2026\n\t\t\t\t<\/span>\n\t\t\t\t\t\t\t\t\t\t<p class=\"ellipsis ellipsis-news \">\n\t\t\t\t\n\t\t\t<\/p>\n\t\t\t<\/div>\n<\/a>\n\t\t\t\t\t\t<\/div>\n\t\t\t\t\t\t\t\t\t<\/div>\n\t\t\t<\/div>\n\t\t\t\t\t<\/div>\n\t<\/div>\n\t\t<\/div>\n\t<\/section>\n","protected":false},"excerpt":{"rendered":"","protected":false},"author":4,"featured_media":114,"parent":0,"menu_order":0,"comment_status":"closed","ping_status":"closed","template":"","meta":{"_acf_changed":false,"footnotes":""},"class_list":["post-132","page","type-page","status-publish","has-post-thumbnail","hentry"],"acf":[],"_links":{"self":[{"href":"https:\/\/heat.forskning.eu\/de\/wp-json\/wp\/v2\/pages\/132","targetHints":{"allow":["GET"]}}],"collection":[{"href":"https:\/\/heat.forskning.eu\/de\/wp-json\/wp\/v2\/pages"}],"about":[{"href":"https:\/\/heat.forskning.eu\/de\/wp-json\/wp\/v2\/types\/page"}],"author":[{"embeddable":true,"href":"https:\/\/heat.forskning.eu\/de\/wp-json\/wp\/v2\/users\/4"}],"replies":[{"embeddable":true,"href":"https:\/\/heat.forskning.eu\/de\/wp-json\/wp\/v2\/comments?post=132"}],"version-history":[{"count":14,"href":"https:\/\/heat.forskning.eu\/de\/wp-json\/wp\/v2\/pages\/132\/revisions"}],"predecessor-version":[{"id":649,"href":"https:\/\/heat.forskning.eu\/de\/wp-json\/wp\/v2\/pages\/132\/revisions\/649"}],"wp:featuredmedia":[{"embeddable":true,"href":"https:\/\/heat.forskning.eu\/de\/wp-json\/wp\/v2\/media\/114"}],"wp:attachment":[{"href":"https:\/\/heat.forskning.eu\/de\/wp-json\/wp\/v2\/media?parent=132"}],"curies":[{"name":"wp","href":"https:\/\/api.w.org\/{rel}","templated":true}]}}